{"id":7,"date":"2024-04-01T14:57:17","date_gmt":"2024-04-01T12:57:17","guid":{"rendered":"https:\/\/forty-expertise.fr\/?page_id=7"},"modified":"2024-04-04T16:42:16","modified_gmt":"2024-04-04T14:42:16","slug":"elementor-7","status":"publish","type":"page","link":"https:\/\/forty-expertise.fr\/","title":{"rendered":"Construction"},"content":{"rendered":"\t\t<div data-elementor-type=\"wp-post\" data-elementor-id=\"7\" class=\"elementor elementor-7\">\n\t\t\t\t<div class=\"elementor-element elementor-element-4938951 e-flex e-con-boxed e-con e-parent\" data-id=\"4938951\" data-element_type=\"container\" data-e-type=\"container\" data-settings=\"{&quot;background_background&quot;:&quot;classic&quot;}\">\n\t\t\t\t\t<div class=\"e-con-inner\">\n\t\t\t\t<div class=\"elementor-element elementor-element-aaf85cd exad-sticky-section-no exad-glass-effect-no elementor-widget elementor-widget-image\" data-id=\"aaf85cd\" data-element_type=\"widget\" data-e-type=\"widget\" data-widget_type=\"image.default\">\n\t\t\t\t<div class=\"elementor-widget-container\">\n\t\t\t\t\t\t\t\t\t\t\t\t\t\t\t<img fetchpriority=\"high\" decoding=\"async\" width=\"580\" height=\"171\" src=\"https:\/\/forty-expertise.fr\/wp-content\/uploads\/2024\/04\/logo-forty-blanc-1024x302.png\" class=\"attachment-large size-large wp-image-10\" alt=\"\" srcset=\"https:\/\/forty-expertise.fr\/wp-content\/uploads\/2024\/04\/logo-forty-blanc-1024x302.png 1024w, https:\/\/forty-expertise.fr\/wp-content\/uploads\/2024\/04\/logo-forty-blanc-300x88.png 300w, https:\/\/forty-expertise.fr\/wp-content\/uploads\/2024\/04\/logo-forty-blanc-768x226.png 768w, https:\/\/forty-expertise.fr\/wp-content\/uploads\/2024\/04\/logo-forty-blanc-1536x453.png 1536w, https:\/\/forty-expertise.fr\/wp-content\/uploads\/2024\/04\/logo-forty-blanc-2048x604.png 2048w\" sizes=\"(max-width: 580px) 100vw, 580px\" \/>\t\t\t\t\t\t\t\t\t\t\t\t\t\t\t<\/div>\n\t\t\t\t<\/div>\n\t\t\t\t<div class=\"elementor-element elementor-element-f8c89f0 exad-sticky-section-no exad-glass-effect-no elementor-widget elementor-widget-text-editor\" data-id=\"f8c89f0\" data-element_type=\"widget\" data-e-type=\"widget\" data-widget_type=\"text-editor.default\">\n\t\t\t\t<div class=\"elementor-widget-container\">\n\t\t\t\t\t\t\t\t\t<p>Site en cours de r\u00e9alisation<\/p>\t\t\t\t\t\t\t\t<\/div>\n\t\t\t\t<\/div>\n\t\t\t\t<div class=\"elementor-element elementor-element-4b4cd93 exad-sticky-section-no exad-glass-effect-no elementor-widget elementor-widget-text-editor\" data-id=\"4b4cd93\" data-element_type=\"widget\" data-e-type=\"widget\" data-widget_type=\"text-editor.default\">\n\t\t\t\t<div class=\"elementor-widget-container\">\n\t\t\t\t\t\t\t\t\t<p>Nous vous pr\u00e9senterons bient\u00f4t toutes les expertises FORTY.<\/p>\t\t\t\t\t\t\t\t<\/div>\n\t\t\t\t<\/div>\n\t\t\t\t<div class=\"elementor-element elementor-element-d729a16 exad-sticky-section-no exad-glass-effect-no elementor-widget elementor-widget-text-editor\" data-id=\"d729a16\" data-element_type=\"widget\" data-e-type=\"widget\" data-widget_type=\"text-editor.default\">\n\t\t\t\t<div class=\"elementor-widget-container\">\n\t\t\t\t\t\t\t\t\t<p>En attendant, pour tout besoin, contactez-nous par mail :<\/p>\t\t\t\t\t\t\t\t<\/div>\n\t\t\t\t<\/div>\n\t\t\t\t<div class=\"elementor-element elementor-element-01aa5f1 elementor-align-center exad-sticky-section-no exad-glass-effect-no elementor-widget elementor-widget-button\" data-id=\"01aa5f1\" data-element_type=\"widget\" data-e-type=\"widget\" data-widget_type=\"button.default\">\n\t\t\t\t<div class=\"elementor-widget-container\">\n\t\t\t\t\t\t\t\t\t<div class=\"elementor-button-wrapper\">\n\t\t\t\t\t<a class=\"elementor-button elementor-button-link elementor-size-sm\" href=\"mailto:d.launay@forty-expertise.fr\">\n\t\t\t\t\t\t<span class=\"elementor-button-content-wrapper\">\n\t\t\t\t\t\t\t\t\t<span class=\"elementor-button-text\">Contact<\/span>\n\t\t\t\t\t<\/span>\n\t\t\t\t\t<\/a>\n\t\t\t\t<\/div>\n\t\t\t\t\t\t\t\t<\/div>\n\t\t\t\t<\/div>\n\t\t\t\t\t<\/div>\n\t\t\t\t<\/div>\n\t\t\t\t<\/div>\n\t\t","protected":false},"excerpt":{"rendered":"<p>Site en cours de r\u00e9alisation Nous vous pr\u00e9senterons bient\u00f4t toutes les expertises FORTY. En attendant, pour tout besoin, contactez-nous par mail : Contact<\/p>\n","protected":false},"author":2,"featured_media":0,"parent":0,"menu_order":0,"comment_status":"closed","ping_status":"closed","template":"elementor_canvas","meta":{"footnotes":""},"class_list":["post-7","page","type-page","status-publish","hentry"],"yoast_head":"<!-- This site is optimized with the Yoast SEO plugin v27.2 - https:\/\/yoast.com\/product\/yoast-seo-wordpress\/ -->\n<title>Construction - FORTY<\/title>\n<meta name=\"robots\" content=\"index, follow, max-snippet:-1, max-image-preview:large, max-video-preview:-1\" \/>\n<link rel=\"canonical\" href=\"https:\/\/forty-expertise.fr\/\" \/>\n<meta property=\"og:locale\" content=\"fr_FR\" \/>\n<meta property=\"og:type\" content=\"article\" \/>\n<meta property=\"og:title\" content=\"Construction - FORTY\" \/>\n<meta property=\"og:description\" content=\"Site en cours de r\u00e9alisation Nous vous pr\u00e9senterons bient\u00f4t toutes les expertises FORTY. En attendant, pour tout besoin, contactez-nous par mail : Contact\" \/>\n<meta property=\"og:url\" content=\"https:\/\/forty-expertise.fr\/\" \/>\n<meta property=\"og:site_name\" content=\"FORTY\" \/>\n<meta property=\"article:modified_time\" content=\"2024-04-04T14:42:16+00:00\" \/>\n<meta property=\"og:image\" content=\"http:\/\/forty-expertise.fr\/wp-content\/uploads\/2024\/04\/logo-forty-blanc-1024x302.png\" \/>\n<meta name=\"twitter:card\" content=\"summary_large_image\" \/>\n<meta name=\"twitter:label1\" content=\"Dur\u00e9e de lecture estim\u00e9e\" \/>\n\t<meta name=\"twitter:data1\" content=\"1 minute\" \/>\n<script type=\"application\/ld+json\" class=\"yoast-schema-graph\">{\"@context\":\"https:\/\/schema.org\",\"@graph\":[{\"@type\":\"WebPage\",\"@id\":\"https:\/\/forty-expertise.fr\/\",\"url\":\"https:\/\/forty-expertise.fr\/\",\"name\":\"Construction - FORTY\",\"isPartOf\":{\"@id\":\"https:\/\/forty-expertise.fr\/#website\"},\"primaryImageOfPage\":{\"@id\":\"https:\/\/forty-expertise.fr\/#primaryimage\"},\"image\":{\"@id\":\"https:\/\/forty-expertise.fr\/#primaryimage\"},\"thumbnailUrl\":\"http:\/\/forty-expertise.fr\/wp-content\/uploads\/2024\/04\/logo-forty-blanc-1024x302.png\",\"datePublished\":\"2024-04-01T12:57:17+00:00\",\"dateModified\":\"2024-04-04T14:42:16+00:00\",\"breadcrumb\":{\"@id\":\"https:\/\/forty-expertise.fr\/#breadcrumb\"},\"inLanguage\":\"fr-FR\",\"potentialAction\":[{\"@type\":\"ReadAction\",\"target\":[\"https:\/\/forty-expertise.fr\/\"]}]},{\"@type\":\"ImageObject\",\"inLanguage\":\"fr-FR\",\"@id\":\"https:\/\/forty-expertise.fr\/#primaryimage\",\"url\":\"http:\/\/forty-expertise.fr\/wp-content\/uploads\/2024\/04\/logo-forty-blanc-1024x302.png\",\"contentUrl\":\"http:\/\/forty-expertise.fr\/wp-content\/uploads\/2024\/04\/logo-forty-blanc-1024x302.png\"},{\"@type\":\"BreadcrumbList\",\"@id\":\"https:\/\/forty-expertise.fr\/#breadcrumb\",\"itemListElement\":[{\"@type\":\"ListItem\",\"position\":1,\"name\":\"Accueil\",\"item\":\"https:\/\/forty-expertise.fr\/\"},{\"@type\":\"ListItem\",\"position\":2,\"name\":\"Construction\"}]},{\"@type\":\"WebSite\",\"@id\":\"https:\/\/forty-expertise.fr\/#website\",\"url\":\"https:\/\/forty-expertise.fr\/\",\"name\":\"FORTY\",\"description\":\"Un site utilisant WordPress\",\"publisher\":{\"@id\":\"https:\/\/forty-expertise.fr\/#organization\"},\"potentialAction\":[{\"@type\":\"SearchAction\",\"target\":{\"@type\":\"EntryPoint\",\"urlTemplate\":\"https:\/\/forty-expertise.fr\/?s={search_term_string}\"},\"query-input\":{\"@type\":\"PropertyValueSpecification\",\"valueRequired\":true,\"valueName\":\"search_term_string\"}}],\"inLanguage\":\"fr-FR\"},{\"@type\":\"Organization\",\"@id\":\"https:\/\/forty-expertise.fr\/#organization\",\"name\":\"FORTY\",\"url\":\"https:\/\/forty-expertise.fr\/\",\"logo\":{\"@type\":\"ImageObject\",\"inLanguage\":\"fr-FR\",\"@id\":\"https:\/\/forty-expertise.fr\/#\/schema\/logo\/image\/\",\"url\":\"https:\/\/forty-expertise.fr\/wp-content\/uploads\/2024\/04\/logo-forty-blanc.png\",\"contentUrl\":\"https:\/\/forty-expertise.fr\/wp-content\/uploads\/2024\/04\/logo-forty-blanc.png\",\"width\":3210,\"height\":946,\"caption\":\"FORTY\"},\"image\":{\"@id\":\"https:\/\/forty-expertise.fr\/#\/schema\/logo\/image\/\"}}]}<\/script>\n<!-- \/ Yoast SEO plugin. -->","yoast_head_json":{"title":"Construction - FORTY","robots":{"index":"index","follow":"follow","max-snippet":"max-snippet:-1","max-image-preview":"max-image-preview:large","max-video-preview":"max-video-preview:-1"},"canonical":"https:\/\/forty-expertise.fr\/","og_locale":"fr_FR","og_type":"article","og_title":"Construction - FORTY","og_description":"Site en cours de r\u00e9alisation Nous vous pr\u00e9senterons bient\u00f4t toutes les expertises FORTY. En attendant, pour tout besoin, contactez-nous par mail : Contact","og_url":"https:\/\/forty-expertise.fr\/","og_site_name":"FORTY","article_modified_time":"2024-04-04T14:42:16+00:00","og_image":[{"url":"http:\/\/forty-expertise.fr\/wp-content\/uploads\/2024\/04\/logo-forty-blanc-1024x302.png","type":"","width":"","height":""}],"twitter_card":"summary_large_image","twitter_misc":{"Dur\u00e9e de lecture estim\u00e9e":"1 minute"},"schema":{"@context":"https:\/\/schema.org","@graph":[{"@type":"WebPage","@id":"https:\/\/forty-expertise.fr\/","url":"https:\/\/forty-expertise.fr\/","name":"Construction - FORTY","isPartOf":{"@id":"https:\/\/forty-expertise.fr\/#website"},"primaryImageOfPage":{"@id":"https:\/\/forty-expertise.fr\/#primaryimage"},"image":{"@id":"https:\/\/forty-expertise.fr\/#primaryimage"},"thumbnailUrl":"http:\/\/forty-expertise.fr\/wp-content\/uploads\/2024\/04\/logo-forty-blanc-1024x302.png","datePublished":"2024-04-01T12:57:17+00:00","dateModified":"2024-04-04T14:42:16+00:00","breadcrumb":{"@id":"https:\/\/forty-expertise.fr\/#breadcrumb"},"inLanguage":"fr-FR","potentialAction":[{"@type":"ReadAction","target":["https:\/\/forty-expertise.fr\/"]}]},{"@type":"ImageObject","inLanguage":"fr-FR","@id":"https:\/\/forty-expertise.fr\/#primaryimage","url":"http:\/\/forty-expertise.fr\/wp-content\/uploads\/2024\/04\/logo-forty-blanc-1024x302.png","contentUrl":"http:\/\/forty-expertise.fr\/wp-content\/uploads\/2024\/04\/logo-forty-blanc-1024x302.png"},{"@type":"BreadcrumbList","@id":"https:\/\/forty-expertise.fr\/#breadcrumb","itemListElement":[{"@type":"ListItem","position":1,"name":"Accueil","item":"https:\/\/forty-expertise.fr\/"},{"@type":"ListItem","position":2,"name":"Construction"}]},{"@type":"WebSite","@id":"https:\/\/forty-expertise.fr\/#website","url":"https:\/\/forty-expertise.fr\/","name":"FORTY","description":"Un site utilisant WordPress","publisher":{"@id":"https:\/\/forty-expertise.fr\/#organization"},"potentialAction":[{"@type":"SearchAction","target":{"@type":"EntryPoint","urlTemplate":"https:\/\/forty-expertise.fr\/?s={search_term_string}"},"query-input":{"@type":"PropertyValueSpecification","valueRequired":true,"valueName":"search_term_string"}}],"inLanguage":"fr-FR"},{"@type":"Organization","@id":"https:\/\/forty-expertise.fr\/#organization","name":"FORTY","url":"https:\/\/forty-expertise.fr\/","logo":{"@type":"ImageObject","inLanguage":"fr-FR","@id":"https:\/\/forty-expertise.fr\/#\/schema\/logo\/image\/","url":"https:\/\/forty-expertise.fr\/wp-content\/uploads\/2024\/04\/logo-forty-blanc.png","contentUrl":"https:\/\/forty-expertise.fr\/wp-content\/uploads\/2024\/04\/logo-forty-blanc.png","width":3210,"height":946,"caption":"FORTY"},"image":{"@id":"https:\/\/forty-expertise.fr\/#\/schema\/logo\/image\/"}}]}},"_links":{"self":[{"href":"https:\/\/forty-expertise.fr\/index.php\/wp-json\/wp\/v2\/pages\/7","targetHints":{"allow":["GET"]}}],"collection":[{"href":"https:\/\/forty-expertise.fr\/index.php\/wp-json\/wp\/v2\/pages"}],"about":[{"href":"https:\/\/forty-expertise.fr\/index.php\/wp-json\/wp\/v2\/types\/page"}],"author":[{"embeddable":true,"href":"https:\/\/forty-expertise.fr\/index.php\/wp-json\/wp\/v2\/users\/2"}],"replies":[{"embeddable":true,"href":"https:\/\/forty-expertise.fr\/index.php\/wp-json\/wp\/v2\/comments?post=7"}],"version-history":[{"count":17,"href":"https:\/\/forty-expertise.fr\/index.php\/wp-json\/wp\/v2\/pages\/7\/revisions"}],"predecessor-version":[{"id":306,"href":"https:\/\/forty-expertise.fr\/index.php\/wp-json\/wp\/v2\/pages\/7\/revisions\/306"}],"wp:attachment":[{"href":"https:\/\/forty-expertise.fr\/index.php\/wp-json\/wp\/v2\/media?parent=7"}],"curies":[{"name":"wp","href":"https:\/\/api.w.org\/{rel}","templated":true}]}}